{"id":66,"date":"2016-07-22T11:27:41","date_gmt":"2016-07-22T09:27:41","guid":{"rendered":"http:\/\/localhost:8080\/30anscc\/?page_id=66&#038;lang=en"},"modified":"2016-10-06T18:36:45","modified_gmt":"2016-10-06T16:36:45","slug":"program-of-the-day","status":"publish","type":"page","link":"https:\/\/30anscc.in2p3.fr\/en\/program-of-the-day\/","title":{"rendered":"Program of the day"},"content":{"rendered":"<div class=\"wpb-content-wrapper\"><p>[vc_row][vc_column][vc_column_text]<strong>9\u00a0AM\u00a0\u2013 9:30\u00a0AM: Welcome coffee<\/strong><\/p>\n<hr \/>\n<p><strong>9:30 AM \u2013 10\u00a0AM: Opening Speech<\/strong><\/p>\n<p>Jean-Paul BRET, <em>Mayor of\u00a0Villeurbanne,\u00a0Vice-president of Lyon Metropole in charge of the relations with Universities<\/em><\/p>\n<p>Pierre BERAT,\u00a0<em>Regional advisor<\/em>\u00a0Auvergne-Rh\u00f4ne-Alpes,<em> President of the Higher Education and Research Commission<\/em><\/p>\n<p>Sophie JULLIAN, <em>Regional delegate\u00a0for Research and Technology\u00a0Auvergne-Rh\u00f4ne-Alpes<\/em><\/p>\n<hr \/>\n<p><strong>10\u00a0AM\u00a0\u2013 10:20 AM: \u2019A brief history of the 30 years of CC-IN2P3 in Lyon&#8217;<\/strong><\/p>\n<p>Denis LINGLIN, <em>Former director of CC-IN2P3<\/em><\/p>\n<hr \/>\n<p><strong>10:20 AM \u2013 10:45 AM:\u00a0<\/strong><strong>\u2019On the role of CC-IN2P3 for the large experiments supported by the Institute\u2019<\/strong><\/p>\n<p>Reynald PAIN, <em>Director of National institute of nuclear physics and particle physics (IN2P3)<\/em><\/p>\n<hr \/>\n<p><strong>10:45 AM \u2013 11:15 AM:<\/strong><strong>\u00a0\u2019Modernization of the digital infrastructures and services in Higher Education and Research\u2019<\/strong><\/p>\n<p>Patrick GARDA, <em>Service de la Strat\u00e9gie de la Recherche et de l\u2019Innovation \u00e0 la Direction G\u00e9n\u00e9rale de la Recherche et de l\u2019Innovation (Ministry of Research)<\/em><\/p>\n<hr \/>\n<p><strong>11:15 AM &#8211; 11:45 AM:<strong>\u00a0&#8216;The European Open Science Cloud: moving from vision to action&#8217;<\/strong><\/strong><\/p>\n<p>Wainer LUSOLI,\u00a0<em>Policy Officer, European Open Science Cloud\u00a0at the European Commission<\/em><\/p>\n<hr \/>\n<p><strong>11:45 AM &#8211; 12:00\u00a0PM: : Industrial Partner Speech<\/strong><\/p>\n<p>Thierry De BOISCHEVALIER, <em>Executive Director, Grands Comptes &amp; Enseignement Sup\u00e9rieur et Recherche chez DELL<\/em><\/p>\n<hr \/>\n<p><strong>12:00 PM &#8211; 13:30\u00a0PM: Cocktail Lunch<\/strong><\/p>\n<hr \/>\n<p><strong>1:30 AM &#8211; 2 PM: \u2019CC-IN2P3 on the eve of new challenges\u2019<\/strong><\/p>\n<p>Pierre-Etienne MACCHI, <em>Director of CC-IN2P3<\/em><\/p>\n<hr \/>\n<p><strong>2 PM &#8211; 2:30 PM:\u00a0&#8216;Computing Challenges for next generation LHC Physics&#8217;<\/strong><\/p>\n<p>Frederic HEMMER, <em>Head of the Information Technology Department <\/em><\/p>\n<hr \/>\n<p><strong>2:30 PM\u00a0&#8211; 3\u00a0PM: \u2019Large Synoptic Survey Telescope: Towards the largest celestial object catalog\u2019<\/strong><\/p>\n<p>Steven KAHN, <em>LSST Director<\/em><\/p>\n<hr \/>\n<p><strong>3 PM\u00a0&#8211; 3:30\u00a0PM:\u00a0&#8216;Research challenges on gravitational waves&#8217;<\/strong><\/p>\n<p>Benoit MOURS, <em>P<\/em><i>hysicist at Laboratoire d\u2019Annecy-Le-Vieux de Physique des Particules<\/i><\/p>\n<hr \/>\n<p><strong>3:30 &#8211; 3:45 PM: Conclusion<\/strong><\/p>\n<hr \/>\n<p>&nbsp;<\/p>\n<p>Visits of the CC-IN2P3\u2019s infrastructures will be organized.<\/p>\n<p>The celebration will be chaired by Sebastien Buthion, Communication Officer at CNRS Rhone Auvergne Delegation.<\/p>\n<p><i>The celebration of CC-IN2P3 30th anniversary will also be the occasion to pay tribute to Jacques Cohen-Ganouna, first director of CC-IN2P3, who passed away in February 2015.<\/i>[\/vc_column_text][\/vc_column][\/vc_row]<\/p>\n<\/div>","protected":false},"excerpt":{"rendered":"<p>[vc_row][vc_column][vc_column_text]9\u00a0AM\u00a0\u2013 9:30\u00a0AM: Welcome coffee 9:30 AM \u2013 10\u00a0AM: Opening Speech Jean-Paul BRET, Mayor of\u00a0Villeurbanne,\u00a0Vice-president of Lyon Metropole in charge of the relations with Universities Pierre BERAT,\u00a0Regional<span class=\"excerpt-hellip\"> [\u2026]<\/span><\/p>\n","protected":false},"author":1,"featured_media":0,"parent":0,"menu_order":0,"comment_status":"closed","ping_status":"closed","template":"","meta":{"footnotes":""},"class_list":["post-66","page","type-page","status-publish","hentry"],"_links":{"self":[{"href":"https:\/\/30anscc.in2p3.fr\/en\/wp-json\/wp\/v2\/pages\/66","targetHints":{"allow":["GET"]}}],"collection":[{"href":"https:\/\/30anscc.in2p3.fr\/en\/wp-json\/wp\/v2\/pages"}],"about":[{"href":"https:\/\/30anscc.in2p3.fr\/en\/wp-json\/wp\/v2\/types\/page"}],"author":[{"embeddable":true,"href":"https:\/\/30anscc.in2p3.fr\/en\/wp-json\/wp\/v2\/users\/1"}],"replies":[{"embeddable":true,"href":"https:\/\/30anscc.in2p3.fr\/en\/wp-json\/wp\/v2\/comments?post=66"}],"version-history":[{"count":39,"href":"https:\/\/30anscc.in2p3.fr\/en\/wp-json\/wp\/v2\/pages\/66\/revisions"}],"predecessor-version":[{"id":470,"href":"https:\/\/30anscc.in2p3.fr\/en\/wp-json\/wp\/v2\/pages\/66\/revisions\/470"}],"wp:attachment":[{"href":"https:\/\/30anscc.in2p3.fr\/en\/wp-json\/wp\/v2\/media?parent=66"}],"curies":[{"name":"wp","href":"https:\/\/api.w.org\/{rel}","templated":true}]}}